{"id":5070,"date":"2025-10-24T14:10:07","date_gmt":"2025-10-24T12:10:07","guid":{"rendered":"https:\/\/www.awoli.org\/merci-demande-de-renseignements-pour-exposants-pour-un-stand-2026\/"},"modified":"2025-11-07T13:08:53","modified_gmt":"2025-11-07T12:08:53","slug":"merci-demande-de-renseignements-pour-exposants-pour-un-stand-2026","status":"publish","type":"page","link":"https:\/\/www.awoli.org\/fr\/merci-demande-de-renseignements-pour-exposants-pour-un-stand-2026\/","title":{"rendered":"Merci &#8211; Demande de renseignements pour exposants pour un stand 2026"},"content":{"rendered":"\t\t<div data-elementor-type=\"wp-page\" data-elementor-id=\"5070\" class=\"elementor elementor-5070 elementor-4928\" data-elementor-post-type=\"page\">\n\t\t\t\t\t\t<section class=\"elementor-section elementor-top-section elementor-element elementor-element-fd8fff2 elementor-section-boxed elementor-section-height-default elementor-section-height-default\" data-id=\"fd8fff2\" data-element_type=\"section\" data-e-type=\"section\">\n\t\t\t\t\t\t<div class=\"elementor-container elementor-column-gap-default\">\n\t\t\t\t\t<div class=\"elementor-column elementor-col-100 elementor-top-column elementor-element elementor-element-2b560c3\" data-id=\"2b560c3\" data-element_type=\"column\" data-e-type=\"column\">\n\t\t\t<div class=\"elementor-widget-wrap elementor-element-populated\">\n\t\t\t\t\t\t<div class=\"elementor-element elementor-element-f4b7304 elementor-widget elementor-widget-heading\" data-id=\"f4b7304\" data-element_type=\"widget\" data-e-type=\"widget\" data-widget_type=\"heading.default\">\n\t\t\t\t<div class=\"elementor-widget-container\">\n\t\t\t\t\t<h3 class=\"elementor-heading-title elementor-size-default\">Awoli Africa Festival 2026<\/h3>\t\t\t\t<\/div>\n\t\t\t\t<\/div>\n\t\t\t\t<div class=\"elementor-element elementor-element-a5b0d76 elementor-widget elementor-widget-heading\" data-id=\"a5b0d76\" data-element_type=\"widget\" data-e-type=\"widget\" data-widget_type=\"heading.default\">\n\t\t\t\t<div class=\"elementor-widget-container\">\n\t\t\t\t\t<h1 class=\"elementor-heading-title elementor-size-default\">Votre demande a \u00e9t\u00e9 envoy\u00e9e avec succ\u00e8s.<\/h1>\t\t\t\t<\/div>\n\t\t\t\t<\/div>\n\t\t\t\t\t<\/div>\n\t\t<\/div>\n\t\t\t\t\t<\/div>\n\t\t<\/section>\n\t\t\t\t<section class=\"elementor-section elementor-top-section elementor-element elementor-element-8c1791e elementor-section-boxed elementor-section-height-default elementor-section-height-default\" data-id=\"8c1791e\" data-element_type=\"section\" data-e-type=\"section\">\n\t\t\t\t\t\t<div class=\"elementor-container elementor-column-gap-default\">\n\t\t\t\t\t<div class=\"elementor-column elementor-col-100 elementor-top-column elementor-element elementor-element-29b4d7a\" data-id=\"29b4d7a\" data-element_type=\"column\" data-e-type=\"column\">\n\t\t\t<div class=\"elementor-widget-wrap elementor-element-populated\">\n\t\t\t\t\t\t<div class=\"elementor-element elementor-element-06e1f54 elementor-widget elementor-widget-heading\" data-id=\"06e1f54\" data-element_type=\"widget\" data-e-type=\"widget\" data-widget_type=\"heading.default\">\n\t\t\t\t<div class=\"elementor-widget-container\">\n\t\t\t\t\t<p class=\"elementor-heading-title elementor-size-default\">Votre demande pour un stand \u00e0 l'Awoli Africa Festival 2026 a \u00e9t\u00e9 envoy\u00e9e avec succ\u00e8s \u00e0 bazar@awoli.org.\nNous vous contacterons d\u00e8s que possible.<\/p>\t\t\t\t<\/div>\n\t\t\t\t<\/div>\n\t\t\t\t\t<\/div>\n\t\t<\/div>\n\t\t\t\t\t<\/div>\n\t\t<\/section>\n\t\t\t\t<\/div>\n\t\t","protected":false},"excerpt":{"rendered":"<p>Awoli Africa Festival 2026 Votre demande a \u00e9t\u00e9 envoy\u00e9e avec succ\u00e8s. Votre demande pour un stand \u00e0 l&rsquo;Awoli Africa Festival 2026 a \u00e9t\u00e9 envoy\u00e9e avec succ\u00e8s \u00e0 bazar@awoli.org. Nous vous contacterons d\u00e8s que possible.<\/p>\n","protected":false},"author":1,"featured_media":0,"parent":0,"menu_order":50,"comment_status":"closed","ping_status":"closed","template":"","meta":{"give_campaign_id":0,"footnotes":""},"folder":[],"class_list":["post-5070","page","type-page","status-publish","hentry"],"campaignId":"","_links":{"self":[{"href":"https:\/\/www.awoli.org\/fr\/wp-json\/wp\/v2\/pages\/5070","targetHints":{"allow":["GET"]}}],"collection":[{"href":"https:\/\/www.awoli.org\/fr\/wp-json\/wp\/v2\/pages"}],"about":[{"href":"https:\/\/www.awoli.org\/fr\/wp-json\/wp\/v2\/types\/page"}],"author":[{"embeddable":true,"href":"https:\/\/www.awoli.org\/fr\/wp-json\/wp\/v2\/users\/1"}],"replies":[{"embeddable":true,"href":"https:\/\/www.awoli.org\/fr\/wp-json\/wp\/v2\/comments?post=5070"}],"version-history":[{"count":1,"href":"https:\/\/www.awoli.org\/fr\/wp-json\/wp\/v2\/pages\/5070\/revisions"}],"predecessor-version":[{"id":5072,"href":"https:\/\/www.awoli.org\/fr\/wp-json\/wp\/v2\/pages\/5070\/revisions\/5072"}],"wp:attachment":[{"href":"https:\/\/www.awoli.org\/fr\/wp-json\/wp\/v2\/media?parent=5070"}],"wp:term":[{"taxonomy":"folder","embeddable":true,"href":"https:\/\/www.awoli.org\/fr\/wp-json\/wp\/v2\/folder?post=5070"}],"curies":[{"name":"wp","href":"https:\/\/api.w.org\/{rel}","templated":true}]}}