{"id":4183,"date":"2024-08-01T15:47:28","date_gmt":"2024-08-01T13:47:28","guid":{"rendered":"https:\/\/www.awoli.org\/dons\/"},"modified":"2024-08-01T15:53:01","modified_gmt":"2024-08-01T13:53:01","slug":"dons","status":"publish","type":"page","link":"https:\/\/www.awoli.org\/fr\/dons\/","title":{"rendered":"Dons"},"content":{"rendered":"\t\t<div data-elementor-type=\"wp-page\" data-elementor-id=\"4183\" class=\"elementor elementor-4183 elementor-4164\" data-elementor-post-type=\"page\">\n\t\t\t\t\t\t<section class=\"elementor-section elementor-top-section elementor-element elementor-element-efcac1a elementor-section-boxed elementor-section-height-default elementor-section-height-default\" data-id=\"efcac1a\" data-element_type=\"section\" data-e-type=\"section\">\n\t\t\t\t\t\t<div class=\"elementor-container elementor-column-gap-default\">\n\t\t\t\t\t<div class=\"elementor-column elementor-col-100 elementor-top-column elementor-element elementor-element-6c54e25\" data-id=\"6c54e25\" data-element_type=\"column\" data-e-type=\"column\">\n\t\t\t<div class=\"elementor-widget-wrap elementor-element-populated\">\n\t\t\t\t\t\t<div class=\"elementor-element elementor-element-a6c023f content-align-cta-default elementor-widget elementor-widget-eael-cta-box\" data-id=\"a6c023f\" data-element_type=\"widget\" data-e-type=\"widget\" data-widget_type=\"eael-cta-box.default\">\n\t\t\t\t<div class=\"elementor-widget-container\">\n\t\t\t\t\t\t\t<div class=\"eael-call-to-action cta-basic bg-lite cta-preset-1\">\n        <h4 class=\"sub-title\">Soutenir AWOLI e.V.<\/h4><h2 class=\"title eael-cta-heading\">Dons  <\/h2><p>Notre association est enti\u00e8rement financ\u00e9e par des dons.<br \/>\nNous appr\u00e9cions tous les dons, aussi petits soient-ils. <\/p>\n<p><strong>B\u00e9n\u00e9ficiaire<\/strong> AWOLI E.V.<br \/><strong>IBAN<\/strong> DE07 6929 1000 0229 4996 02<br \/><strong>Bank<\/strong> Volksbank Konstanz<br \/> BIC GENODE61RAD<\/p>\n<p>Si vous nous indiquez votre nom et votre adresse lors de votre don, nous vous enverrons bien entendu un re\u00e7u.<\/p>\n<p>AWOLI e.V. existe depuis 2002 et est reconnue d'utilit\u00e9 publique par l'administration fiscale comp\u00e9tente.<\/p>\n<p>Soutenez notre activit\u00e9 - devenez membre de soutien, donateur permanent ou planifiez une collecte de fonds pour notre association.<\/p>\n<p><strong>AWOLI e.V.<\/strong><br \/>Mittelsberg 2<br \/>78465 Constance<\/p>\n<p>UID : DE248514580<\/p>\n<p><a href=\"tel:+4975334991522\">+49-7533-4991522<\/a><br \/><a href=\"mailto:donation@awoli.org\">donation@awoli.org<\/a><\/p>\n<a href=\"https:\/\/www.paypal.com\/donate\/?hosted_button_id=9YQCH5PMNCMYE\" target=\"_blank\" class=\"cta-button cta-preset-1  \">Faire un don par PayPal<\/a>\t<\/div>\n\t\t\t\t\t\t\t\t<\/div>\n\t\t\t\t<\/div>\n\t\t\t\t<div class=\"elementor-element elementor-element-aa1f8b6 elementor-widget elementor-widget-image\" data-id=\"aa1f8b6\" data-element_type=\"widget\" data-e-type=\"widget\" data-widget_type=\"image.default\">\n\t\t\t\t<div class=\"elementor-widget-container\">\n\t\t\t\t\t\t\t\t\t\t\t\t\t\t\t<img fetchpriority=\"high\" decoding=\"async\" width=\"1920\" height=\"1300\" src=\"https:\/\/www.awoli.org\/wp-content\/uploads\/2023\/01\/20220220_155332.jpg\" class=\"attachment-full size-full wp-image-3412\" alt=\"\" srcset=\"https:\/\/www.awoli.org\/wp-content\/uploads\/2023\/01\/20220220_155332.jpg 1920w, https:\/\/www.awoli.org\/wp-content\/uploads\/2023\/01\/20220220_155332-600x406.jpg 600w, https:\/\/www.awoli.org\/wp-content\/uploads\/2023\/01\/20220220_155332-300x203.jpg 300w, https:\/\/www.awoli.org\/wp-content\/uploads\/2023\/01\/20220220_155332-1024x693.jpg 1024w, https:\/\/www.awoli.org\/wp-content\/uploads\/2023\/01\/20220220_155332-768x520.jpg 768w, https:\/\/www.awoli.org\/wp-content\/uploads\/2023\/01\/20220220_155332-1536x1040.jpg 1536w\" sizes=\"(max-width: 1920px) 100vw, 1920px\" \/>\t\t\t\t\t\t\t\t\t\t\t\t\t\t\t<\/div>\n\t\t\t\t<\/div>\n\t\t\t\t\t<\/div>\n\t\t<\/div>\n\t\t\t\t\t<\/div>\n\t\t<\/section>\n\t\t\t\t<section class=\"elementor-section elementor-top-section elementor-element elementor-element-2bf87e6 elementor-section-boxed elementor-section-height-default elementor-section-height-default\" data-id=\"2bf87e6\" data-element_type=\"section\" data-e-type=\"section\">\n\t\t\t\t\t\t<div class=\"elementor-container elementor-column-gap-default\">\n\t\t\t\t\t<div class=\"elementor-column elementor-col-100 elementor-top-column elementor-element elementor-element-ac7931a\" data-id=\"ac7931a\" data-element_type=\"column\" data-e-type=\"column\">\n\t\t\t<div class=\"elementor-widget-wrap elementor-element-populated\">\n\t\t\t\t\t\t<div class=\"elementor-element elementor-element-f4646a4 elementor-widget elementor-widget-spacer\" data-id=\"f4646a4\" data-element_type=\"widget\" data-e-type=\"widget\" data-widget_type=\"spacer.default\">\n\t\t\t\t<div class=\"elementor-widget-container\">\n\t\t\t\t\t\t\t<div class=\"elementor-spacer\">\n\t\t\t<div class=\"elementor-spacer-inner\"><\/div>\n\t\t<\/div>\n\t\t\t\t\t\t<\/div>\n\t\t\t\t<\/div>\n\t\t\t\t\t<\/div>\n\t\t<\/div>\n\t\t\t\t\t<\/div>\n\t\t<\/section>\n\t\t\t\t<\/div>\n\t\t","protected":false},"excerpt":{"rendered":"<p>Soutenir AWOLI e.V. Dons Notre association est enti\u00e8rement financ\u00e9e par des dons. Nous appr\u00e9cions tous les dons, aussi petits soient-ils. B\u00e9n\u00e9ficiaire AWOLI E.V.IBAN DE07 6929 1000 0229 4996 02Bank Volksbank Konstanz BIC GENODE61RAD Si vous nous indiquez votre nom et votre adresse lors de votre don, nous vous enverrons bien entendu un re\u00e7u. AWOLI e.V. existe depuis 2002 et est&#8230;<\/p>\n","protected":false},"author":1,"featured_media":0,"parent":0,"menu_order":10,"comment_status":"closed","ping_status":"closed","template":"","meta":{"give_campaign_id":0,"footnotes":""},"folder":[],"class_list":["post-4183","page","type-page","status-publish","hentry"],"campaignId":"","_links":{"self":[{"href":"https:\/\/www.awoli.org\/fr\/wp-json\/wp\/v2\/pages\/4183","targetHints":{"allow":["GET"]}}],"collection":[{"href":"https:\/\/www.awoli.org\/fr\/wp-json\/wp\/v2\/pages"}],"about":[{"href":"https:\/\/www.awoli.org\/fr\/wp-json\/wp\/v2\/types\/page"}],"author":[{"embeddable":true,"href":"https:\/\/www.awoli.org\/fr\/wp-json\/wp\/v2\/users\/1"}],"replies":[{"embeddable":true,"href":"https:\/\/www.awoli.org\/fr\/wp-json\/wp\/v2\/comments?post=4183"}],"version-history":[{"count":3,"href":"https:\/\/www.awoli.org\/fr\/wp-json\/wp\/v2\/pages\/4183\/revisions"}],"predecessor-version":[{"id":4187,"href":"https:\/\/www.awoli.org\/fr\/wp-json\/wp\/v2\/pages\/4183\/revisions\/4187"}],"wp:attachment":[{"href":"https:\/\/www.awoli.org\/fr\/wp-json\/wp\/v2\/media?parent=4183"}],"wp:term":[{"taxonomy":"folder","embeddable":true,"href":"https:\/\/www.awoli.org\/fr\/wp-json\/wp\/v2\/folder?post=4183"}],"curies":[{"name":"wp","href":"https:\/\/api.w.org\/{rel}","templated":true}]}}