{"id":5092,"date":"2025-11-07T11:11:32","date_gmt":"2025-11-07T10:11:32","guid":{"rendered":"https:\/\/www.awoli.org\/festival\/program-2026\/"},"modified":"2025-11-07T13:48:11","modified_gmt":"2025-11-07T12:48:11","slug":"program-2026","status":"publish","type":"page","link":"https:\/\/www.awoli.org\/en\/festival\/program-2026\/","title":{"rendered":"Program 2026"},"content":{"rendered":"\t\t<div data-elementor-type=\"wp-page\" data-elementor-id=\"5092\" class=\"elementor elementor-5092 elementor-4971\" data-elementor-post-type=\"page\">\n\t\t\t\t\t\t<section class=\"elementor-section elementor-top-section elementor-element elementor-element-45bb38c elementor-section-boxed elementor-section-height-default elementor-section-height-default\" data-id=\"45bb38c\" data-element_type=\"section\" data-e-type=\"section\">\n\t\t\t\t\t\t<div class=\"elementor-container elementor-column-gap-default\">\n\t\t\t\t\t<div class=\"elementor-column elementor-col-100 elementor-top-column elementor-element elementor-element-b0dd84f\" data-id=\"b0dd84f\" data-element_type=\"column\" data-e-type=\"column\">\n\t\t\t<div class=\"elementor-widget-wrap elementor-element-populated\">\n\t\t\t\t\t\t<div class=\"elementor-element elementor-element-978ac61 eael-dual-header-content-align-left elementor-widget__width-inherit elementor-widget-tablet__width-inherit elementor-widget elementor-widget-eael-dual-color-header\" data-id=\"978ac61\" data-element_type=\"widget\" data-e-type=\"widget\" data-widget_type=\"eael-dual-color-header.default\">\n\t\t\t\t<div class=\"elementor-widget-container\">\n\t\t\t\t\t\t\t\t<div class=\"eael-dual-header\">\n\t\t\t\t<h3 class=\"title eael-dch-title\"><span class=\"eael-dch-title-text eael-dch-title-lead lead solid-color\">AWOLI Africa Festival<\/span> <span class=\"eael-dch-title-text\">Program 2026<\/span><\/h3>\t\t\t\t\t<span class=\"subtext\"><div class=\"elementor-column elementor-col-50 elementor-top-column elementor-element elementor-element-1982418\"><div class=\"elementor-widget-wrap elementor-element-populated\"><div class=\"elementor-element elementor-element-978ac61 eael-dual-header-content-align-left elementor-widget elementor-widget-eael-dual-color-header\"><div class=\"elementor-widget-container\"><div class=\"eael-dual-header\"><p><strong>Friday, 11.09.2026 &#8211; Sunday, 13.09.2026<\/strong><\/p><p>Free admission!<\/p><\/div><\/div><\/div><\/div><\/div><\/span>\n\t\t\t\t\t\t\t<\/div>\n\n\t\t\t\t\t\t<\/div>\n\t\t\t\t<\/div>\n\t\t\t\t\t<\/div>\n\t\t<\/div>\n\t\t\t\t\t<\/div>\n\t\t<\/section>\n\t\t\t\t<section class=\"elementor-section elementor-top-section elementor-element elementor-element-57acbc4 elementor-section-boxed elementor-section-height-default elementor-section-height-default\" data-id=\"57acbc4\" data-element_type=\"section\" data-e-type=\"section\">\n\t\t\t\t\t\t<div class=\"elementor-container elementor-column-gap-default\">\n\t\t\t\t\t<div class=\"elementor-column elementor-col-100 elementor-top-column elementor-element elementor-element-57ffc20\" data-id=\"57ffc20\" data-element_type=\"column\" data-e-type=\"column\">\n\t\t\t<div class=\"elementor-widget-wrap elementor-element-populated\">\n\t\t\t\t\t\t<div class=\"elementor-element elementor-element-bf77176 elementor-widget elementor-widget-text-editor\" data-id=\"bf77176\" data-element_type=\"widget\" data-e-type=\"widget\" data-widget_type=\"text-editor.default\">\n\t\t\t\t<div class=\"elementor-widget-container\">\n\t\t\t\t\t\t\t\t\t<p><b>Opening hours of the festival<br><\/b>Friday 11.09.2024: 11:00 &#8211; 23:00<br>Saturday 12.09.2024: 11:00 &#8211; 23:00<br>Sunday 13.09.2024: 11:00 &#8211; 18:00<\/p><p>In addition to our stage program, we present a bazaar, children&#8217;s entertainment, folklore, plays, discussions and workshops on all festival days.<\/p>\t\t\t\t\t\t\t\t<\/div>\n\t\t\t\t<\/div>\n\t\t\t\t<div class=\"elementor-element elementor-element-ee69d2b elementor-widget elementor-widget-nacharity_basic_button\" data-id=\"ee69d2b\" data-element_type=\"widget\" data-e-type=\"widget\" data-settings=\"{&quot;btn_icon&quot;:&quot;fa fa-file-pdf-o&quot;}\" data-widget_type=\"nacharity_basic_button.default\">\n\t\t\t\t<div class=\"elementor-widget-container\">\n\t\t\t\t\t<div class=\"nacep-btns-wrap\"><a href=\"https:\/\/www.awoli.org\/wp-content\/uploads\/2025\/11\/AWOLI_Afrika-Festival-2026_Projektbeschreibung.pdf\" target=\"_blank\"  class=\"nacep-btn\">Festival program booklet (PDF) <i class=\"fa fa-file-pdf-o\" aria-hidden=\"true\"><\/i><\/a><\/div>\t\t\t\t<\/div>\n\t\t\t\t<\/div>\n\t\t\t\t\t<\/div>\n\t\t<\/div>\n\t\t\t\t\t<\/div>\n\t\t<\/section>\n\t\t\t\t<section class=\"elementor-section elementor-top-section elementor-element elementor-element-afa30d4 elementor-section-boxed elementor-section-height-default elementor-section-height-default\" data-id=\"afa30d4\" data-element_type=\"section\" data-e-type=\"section\">\n\t\t\t\t\t\t<div class=\"elementor-container elementor-column-gap-default\">\n\t\t\t\t\t<div class=\"elementor-column elementor-col-100 elementor-top-column elementor-element elementor-element-1c3d678\" data-id=\"1c3d678\" data-element_type=\"column\" data-e-type=\"column\">\n\t\t\t<div class=\"elementor-widget-wrap elementor-element-populated\">\n\t\t\t\t\t\t<div class=\"elementor-element elementor-element-9494c84 elementor-widget elementor-widget-spacer\" data-id=\"9494c84\" data-element_type=\"widget\" data-e-type=\"widget\" data-widget_type=\"spacer.default\">\n\t\t\t\t<div class=\"elementor-widget-container\">\n\t\t\t\t\t\t\t<div class=\"elementor-spacer\">\n\t\t\t<div class=\"elementor-spacer-inner\"><\/div>\n\t\t<\/div>\n\t\t\t\t\t\t<\/div>\n\t\t\t\t<\/div>\n\t\t\t\t\t<\/div>\n\t\t<\/div>\n\t\t\t\t\t<\/div>\n\t\t<\/section>\n\t\t\t\t<section class=\"elementor-section elementor-top-section elementor-element elementor-element-90a37d4 elementor-section-boxed elementor-section-height-default elementor-section-height-default\" data-id=\"90a37d4\" data-element_type=\"section\" data-e-type=\"section\">\n\t\t\t\t\t\t<div class=\"elementor-container elementor-column-gap-extended\">\n\t\t\t\t\t<div class=\"elementor-column elementor-col-100 elementor-top-column elementor-element elementor-element-0940d6f\" data-id=\"0940d6f\" data-element_type=\"column\" data-e-type=\"column\">\n\t\t\t<div class=\"elementor-widget-wrap elementor-element-populated\">\n\t\t\t\t\t\t<div class=\"elementor-element elementor-element-1ced159 elementor-widget elementor-widget-heading\" data-id=\"1ced159\" data-element_type=\"widget\" data-e-type=\"widget\" data-widget_type=\"heading.default\">\n\t\t\t\t<div class=\"elementor-widget-container\">\n\t\t\t\t\t<h2 class=\"elementor-heading-title elementor-size-default\">AWOLI COME TOGETHER<\/h2>\t\t\t\t<\/div>\n\t\t\t\t<\/div>\n\t\t\t\t<div class=\"elementor-element elementor-element-1f18341 elementor-widget elementor-widget-text-editor\" data-id=\"1f18341\" data-element_type=\"widget\" data-e-type=\"widget\" data-widget_type=\"text-editor.default\">\n\t\t\t\t<div class=\"elementor-widget-container\">\n\t\t\t\t\t\t\t\t\t<p><b>Friday, 11.09.2026<br><\/b>Stephanshaus | St.-Stephans-Platz 39a | 78462 Konstanz<br>22.00 &#8211; 01.00 Festival come Together: Afrobeat, Salsa, Kizomba, Semba, Azonto, Coup\u00e9 d\u00e9cal\u00e9 etc.<\/p>\t\t\t\t\t\t\t\t<\/div>\n\t\t\t\t<\/div>\n\t\t\t\t<div class=\"elementor-element elementor-element-8598f9d elementor-widget elementor-widget-text-editor\" data-id=\"8598f9d\" data-element_type=\"widget\" data-e-type=\"widget\" data-widget_type=\"text-editor.default\">\n\t\t\t\t<div class=\"elementor-widget-container\">\n\t\t\t\t\t\t\t\t\t<p><b>Saturday, 12.09.2026<br><\/b>Location: Domschule | M\u00fcnstergeb\u00e4ude<br>22.00 &#8211; 03.00 Festival come Together: Afrobeat, Salsa, Kizomba, Semba, Azonto, Coup\u00e9 d\u00e9cal\u00e9 etc.<\/p>\t\t\t\t\t\t\t\t<\/div>\n\t\t\t\t<\/div>\n\t\t\t\t\t<\/div>\n\t\t<\/div>\n\t\t\t\t\t<\/div>\n\t\t<\/section>\n\t\t\t\t<section class=\"elementor-section elementor-top-section elementor-element elementor-element-1690002 elementor-section-boxed elementor-section-height-default elementor-section-height-default\" data-id=\"1690002\" data-element_type=\"section\" data-e-type=\"section\">\n\t\t\t\t\t\t<div class=\"elementor-container elementor-column-gap-extended\">\n\t\t\t\t\t<div class=\"elementor-column elementor-col-100 elementor-top-column elementor-element elementor-element-909aaa0\" data-id=\"909aaa0\" data-element_type=\"column\" data-e-type=\"column\">\n\t\t\t<div class=\"elementor-widget-wrap elementor-element-populated\">\n\t\t\t\t\t\t<div class=\"elementor-element elementor-element-79ab03e elementor-widget elementor-widget-heading\" data-id=\"79ab03e\" data-element_type=\"widget\" data-e-type=\"widget\" data-widget_type=\"heading.default\">\n\t\t\t\t<div class=\"elementor-widget-container\">\n\t\t\t\t\t<h2 class=\"elementor-heading-title elementor-size-default\">Children's program<\/h2>\t\t\t\t<\/div>\n\t\t\t\t<\/div>\n\t\t\t\t<div class=\"elementor-element elementor-element-11a8693 elementor-widget elementor-widget-text-editor\" data-id=\"11a8693\" data-element_type=\"widget\" data-e-type=\"widget\" data-widget_type=\"text-editor.default\">\n\t\t\t\t<div class=\"elementor-widget-container\">\n\t\t\t\t\t\t\t\t\t<p>We have prepared a great program for the little ones. We offer drumming workshops, face painting, storytelling, games and acrobatics. The Africa Festival by the lake is therefore a great experience for the whole family.  <\/p>\t\t\t\t\t\t\t\t<\/div>\n\t\t\t\t<\/div>\n\t\t\t\t<div class=\"elementor-element elementor-element-1ff1d8c elementor-widget elementor-widget-text-editor\" data-id=\"1ff1d8c\" data-element_type=\"widget\" data-e-type=\"widget\" data-widget_type=\"text-editor.default\">\n\t\t\t\t<div class=\"elementor-widget-container\">\n\t\t\t\t\t\t\t\t\t\n<table id=\"tablepress-54\" class=\"tablepress tablepress-id-54 programm2022\">\n<tbody class=\"row-striping\">\n<tr class=\"row-1\">\n\t<td class=\"column-1\">Friday, 11.09.2026<\/td><td class=\"column-2\">11:00 \u2013 20:00 | Games, reading<\/td>\n<\/tr>\n<tr class=\"row-2\">\n\t<td class=\"column-1\">Saturday, 12.09.2026<\/td><td class=\"column-2\">11:00 \u2013 20:00 | Games, face painting, reading<\/td>\n<\/tr>\n<tr class=\"row-3\">\n\t<td class=\"column-1\">Sunday, 13.09.2026<\/td><td class=\"column-2\">11:00 \u2013 17:00 | Games, face painting, reading<\/td>\n<\/tr>\n<\/tbody>\n<\/table>\n\t\t\t\t\t\t\t\t<\/div>\n\t\t\t\t<\/div>\n\t\t\t\t\t<\/div>\n\t\t<\/div>\n\t\t\t\t\t<\/div>\n\t\t<\/section>\n\t\t\t\t<section class=\"elementor-section elementor-top-section elementor-element elementor-element-67d32ef elementor-section-boxed elementor-section-height-default elementor-section-height-default\" data-id=\"67d32ef\" data-element_type=\"section\" data-e-type=\"section\">\n\t\t\t\t\t\t<div class=\"elementor-container elementor-column-gap-extended\">\n\t\t\t\t\t<div class=\"elementor-column elementor-col-100 elementor-top-column elementor-element elementor-element-aa5d80a\" data-id=\"aa5d80a\" data-element_type=\"column\" data-e-type=\"column\">\n\t\t\t<div class=\"elementor-widget-wrap elementor-element-populated\">\n\t\t\t\t\t\t<div class=\"elementor-element elementor-element-19956d1 elementor-widget elementor-widget-heading\" data-id=\"19956d1\" data-element_type=\"widget\" data-e-type=\"widget\" data-widget_type=\"heading.default\">\n\t\t\t\t<div class=\"elementor-widget-container\">\n\t\t\t\t\t<h2 class=\"elementor-heading-title elementor-size-default\">Stage program<\/h2>\t\t\t\t<\/div>\n\t\t\t\t<\/div>\n\t\t\t\t<div class=\"elementor-element elementor-element-f8576ed elementor-widget elementor-widget-text-editor\" data-id=\"f8576ed\" data-element_type=\"widget\" data-e-type=\"widget\" data-widget_type=\"text-editor.default\">\n\t\t\t\t<div class=\"elementor-widget-container\">\n\t\t\t\t\t\t\t\t\t<p><b>M\u00fcnsterplatz and Pfalzgarten<\/b><\/p>\t\t\t\t\t\t\t\t<\/div>\n\t\t\t\t<\/div>\n\t\t\t\t<div class=\"elementor-element elementor-element-2a05067 elementor-widget elementor-widget-heading\" data-id=\"2a05067\" data-element_type=\"widget\" data-e-type=\"widget\" data-widget_type=\"heading.default\">\n\t\t\t\t<div class=\"elementor-widget-container\">\n\t\t\t\t\t<span class=\"elementor-heading-title elementor-size-default\">Friday, September 11, 2026<\/span>\t\t\t\t<\/div>\n\t\t\t\t<\/div>\n\t\t\t\t<div class=\"elementor-element elementor-element-4ccddc8 elementor-widget elementor-widget-text-editor\" data-id=\"4ccddc8\" data-element_type=\"widget\" data-e-type=\"widget\" data-widget_type=\"text-editor.default\">\n\t\t\t\t<div class=\"elementor-widget-container\">\n\t\t\t\t\t\t\t\t\t\n<table id=\"tablepress-48\" class=\"tablepress tablepress-id-48 programm2022\">\n<tbody class=\"row-striping\">\n<tr class=\"row-1\">\n\t<td class=\"column-1\">17:00 \u2013 17:45<\/td><td class=\"column-2\">African Folklore \/ Djembe<br \/>\n<\/td>\n<\/tr>\n<tr class=\"row-2\">\n\t<td class=\"column-1\">17:45 \u2013 18:15<\/td><td class=\"column-2\">Opening<\/td>\n<\/tr>\n<tr class=\"row-3\">\n\t<td class=\"column-1\">18:15 \u2013 18:45<\/td><td class=\"column-2\">African Folklore \/ Djembe<br \/>\n<\/td>\n<\/tr>\n<tr class=\"row-4\">\n\t<td class=\"column-1\">19:00 \u2013 20:00<\/td><td class=\"column-2\">Theater Group<\/td>\n<\/tr>\n<tr class=\"row-5\">\n\t<td class=\"column-1\">20:00 \u2013 21:00<\/td><td class=\"column-2\">Afrobeat<\/td>\n<\/tr>\n<\/tbody>\n<\/table>\n\t\t\t\t\t\t\t\t<\/div>\n\t\t\t\t<\/div>\n\t\t\t\t<div class=\"elementor-element elementor-element-cb90cba elementor-widget elementor-widget-heading\" data-id=\"cb90cba\" data-element_type=\"widget\" data-e-type=\"widget\" data-widget_type=\"heading.default\">\n\t\t\t\t<div class=\"elementor-widget-container\">\n\t\t\t\t\t<span class=\"elementor-heading-title elementor-size-default\">Saturday, August 12, 2026<\/span>\t\t\t\t<\/div>\n\t\t\t\t<\/div>\n\t\t\t\t<div class=\"elementor-element elementor-element-91f0bc1 elementor-widget elementor-widget-text-editor\" data-id=\"91f0bc1\" data-element_type=\"widget\" data-e-type=\"widget\" data-widget_type=\"text-editor.default\">\n\t\t\t\t<div class=\"elementor-widget-container\">\n\t\t\t\t\t\t\t\t\t\n<table id=\"tablepress-50\" class=\"tablepress tablepress-id-50 programm2022\">\n<tbody class=\"row-striping\">\n<tr class=\"row-1\">\n\t<td class=\"column-1\">10:00 \u2013 13:00 <\/td><td class=\"column-2\">African Music mix<\/td>\n<\/tr>\n<tr class=\"row-2\">\n\t<td class=\"column-1\">13:00 \u2013 14:00<\/td><td class=\"column-2\">Theater Group<\/td>\n<\/tr>\n<tr class=\"row-3\">\n\t<td class=\"column-1\">14:00 \u2013 15:00<\/td><td class=\"column-2\">Dance Group<\/td>\n<\/tr>\n<tr class=\"row-4\">\n\t<td class=\"column-1\">15:00 \u2013 16:00<\/td><td class=\"column-2\">Djembe Group<\/td>\n<\/tr>\n<tr class=\"row-5\">\n\t<td class=\"column-1\">16:00 \u2013 17:00<\/td><td class=\"column-2\">African folklore<\/td>\n<\/tr>\n<tr class=\"row-6\">\n\t<td class=\"column-1\">17:00 \u2013 18:00<\/td><td class=\"column-2\">Theater Group<\/td>\n<\/tr>\n<tr class=\"row-7\">\n\t<td class=\"column-1\">18:00 \u2013 19:00<\/td><td class=\"column-2\">Music around the world<\/td>\n<\/tr>\n<tr class=\"row-8\">\n\t<td class=\"column-1\">19:00 \u2013 20:00<\/td><td class=\"column-2\">African Chor<\/td>\n<\/tr>\n<tr class=\"row-9\">\n\t<td class=\"column-1\">20:00 \u2013 21:30<\/td><td class=\"column-2\">African music mix<\/td>\n<\/tr>\n<\/tbody>\n<\/table>\n\t\t\t\t\t\t\t\t<\/div>\n\t\t\t\t<\/div>\n\t\t\t\t<div class=\"elementor-element elementor-element-fb654d5 elementor-widget elementor-widget-heading\" data-id=\"fb654d5\" data-element_type=\"widget\" data-e-type=\"widget\" data-widget_type=\"heading.default\">\n\t\t\t\t<div class=\"elementor-widget-container\">\n\t\t\t\t\t<span class=\"elementor-heading-title elementor-size-default\">Sunday, August 13, 2026<\/span>\t\t\t\t<\/div>\n\t\t\t\t<\/div>\n\t\t\t\t<div class=\"elementor-element elementor-element-14cadee elementor-widget elementor-widget-text-editor\" data-id=\"14cadee\" data-element_type=\"widget\" data-e-type=\"widget\" data-widget_type=\"text-editor.default\">\n\t\t\t\t<div class=\"elementor-widget-container\">\n\t\t\t\t\t\t\t\t\t\n<table id=\"tablepress-52\" class=\"tablepress tablepress-id-52 programm2022\">\n<tbody class=\"row-striping\">\n<tr class=\"row-1\">\n\t<td class=\"column-1\">11:00 \u2013 12:00<\/td><td class=\"column-2\">African-style church service<\/td>\n<\/tr>\n<tr class=\"row-2\">\n\t<td class=\"column-1\">12:15 \u2013 13:15<\/td><td class=\"column-2\">Interfaith dialogue about faith (Muslims, Jews, Christians)<\/td>\n<\/tr>\n<tr class=\"row-3\">\n\t<td class=\"column-1\">13:30 \u2013 14:00<\/td><td class=\"column-2\">Dance Group<\/td>\n<\/tr>\n<tr class=\"row-4\">\n\t<td class=\"column-1\">14:00 \u2013 15:00<\/td><td class=\"column-2\">African folklore<\/td>\n<\/tr>\n<tr class=\"row-5\">\n\t<td class=\"column-1\">15:00 \u2013 16:00<\/td><td class=\"column-2\">African choir<\/td>\n<\/tr>\n<tr class=\"row-6\">\n\t<td class=\"column-1\">16:00 \u2013 17:00<\/td><td class=\"column-2\">Musambara<\/td>\n<\/tr>\n<tr class=\"row-7\">\n\t<td class=\"column-1\">19:00 \u2013 20:00<\/td><td class=\"column-2\">African music mix<\/td>\n<\/tr>\n<\/tbody>\n<\/table>\n\t\t\t\t\t\t\t\t<\/div>\n\t\t\t\t<\/div>\n\t\t\t\t\t<\/div>\n\t\t<\/div>\n\t\t\t\t\t<\/div>\n\t\t<\/section>\n\t\t\t\t<section class=\"elementor-section elementor-top-section elementor-element elementor-element-7f5d806 elementor-section-boxed elementor-section-height-default elementor-section-height-default\" data-id=\"7f5d806\" data-element_type=\"section\" data-e-type=\"section\">\n\t\t\t\t\t\t<div class=\"elementor-container elementor-column-gap-extended\">\n\t\t\t\t\t<div class=\"elementor-column elementor-col-100 elementor-top-column elementor-element elementor-element-87f508b\" data-id=\"87f508b\" data-element_type=\"column\" data-e-type=\"column\">\n\t\t\t<div class=\"elementor-widget-wrap elementor-element-populated\">\n\t\t\t\t\t\t<div class=\"elementor-element elementor-element-55c0195 elementor-widget elementor-widget-heading\" data-id=\"55c0195\" data-element_type=\"widget\" data-e-type=\"widget\" data-widget_type=\"heading.default\">\n\t\t\t\t<div class=\"elementor-widget-container\">\n\t\t\t\t\t<h2 class=\"elementor-heading-title elementor-size-default\">Workshops<\/h2>\t\t\t\t<\/div>\n\t\t\t\t<\/div>\n\t\t\t\t<div class=\"elementor-element elementor-element-7664e66 elementor-widget elementor-widget-text-editor\" data-id=\"7664e66\" data-element_type=\"widget\" data-e-type=\"widget\" data-widget_type=\"text-editor.default\">\n\t\t\t\t<div class=\"elementor-widget-container\">\n\t\t\t\t\t\t\t\t\t<p>All workshops take place in the cathedral school in the cathedral building.<\/p>\t\t\t\t\t\t\t\t<\/div>\n\t\t\t\t<\/div>\n\t\t\t\t<div class=\"elementor-element elementor-element-3c2499f elementor-widget elementor-widget-heading\" data-id=\"3c2499f\" data-element_type=\"widget\" data-e-type=\"widget\" data-widget_type=\"heading.default\">\n\t\t\t\t<div class=\"elementor-widget-container\">\n\t\t\t\t\t<span class=\"elementor-heading-title elementor-size-default\">Friday, September 11, 2026<\/span>\t\t\t\t<\/div>\n\t\t\t\t<\/div>\n\t\t\t\t<div class=\"elementor-element elementor-element-bdce6cd elementor-widget elementor-widget-text-editor\" data-id=\"bdce6cd\" data-element_type=\"widget\" data-e-type=\"widget\" data-widget_type=\"text-editor.default\">\n\t\t\t\t<div class=\"elementor-widget-container\">\n\t\t\t\t\t\t\t\t\t\n<table id=\"tablepress-55\" class=\"tablepress tablepress-id-55 programm2022\">\n<tbody class=\"row-striping\">\n<tr class=\"row-1\">\n\t<td class=\"column-1\">17:30 \u2013 18:30<\/td><td class=\"column-2\">Drum workshop<\/td>\n<\/tr>\n<tr class=\"row-2\">\n\t<td class=\"column-1\">18:30 \u2013 19:30<\/td><td class=\"column-2\">Afro-Dance workshop<\/td>\n<\/tr>\n<\/tbody>\n<\/table>\n\t\t\t\t\t\t\t\t<\/div>\n\t\t\t\t<\/div>\n\t\t\t\t<div class=\"elementor-element elementor-element-e2a4331 elementor-widget elementor-widget-heading\" data-id=\"e2a4331\" data-element_type=\"widget\" data-e-type=\"widget\" data-widget_type=\"heading.default\">\n\t\t\t\t<div class=\"elementor-widget-container\">\n\t\t\t\t\t<span class=\"elementor-heading-title elementor-size-default\">Saturday, September 12, 2026<\/span>\t\t\t\t<\/div>\n\t\t\t\t<\/div>\n\t\t\t\t<div class=\"elementor-element elementor-element-b9ea16b elementor-widget elementor-widget-text-editor\" data-id=\"b9ea16b\" data-element_type=\"widget\" data-e-type=\"widget\" data-widget_type=\"text-editor.default\">\n\t\t\t\t<div class=\"elementor-widget-container\">\n\t\t\t\t\t\t\t\t\t\n<table id=\"tablepress-57\" class=\"tablepress tablepress-id-57 programm2022\">\n<tbody class=\"row-striping\">\n<tr class=\"row-1\">\n\t<td class=\"column-1\">12:00 \u2013 14:00<\/td><td class=\"column-2\">Cooking workshop<\/td>\n<\/tr>\n<tr class=\"row-2\">\n\t<td class=\"column-1\">14:00 \u2013 15:00 <\/td><td class=\"column-2\">One World Workshop<\/td>\n<\/tr>\n<tr class=\"row-3\">\n\t<td class=\"column-1\">16:00 \u2013 18:00 <\/td><td class=\"column-2\">Afro-Dance + drum workshop<\/td>\n<\/tr>\n<tr class=\"row-4\">\n\t<td class=\"column-1\">18:00 \u2013 19:00<\/td><td class=\"column-2\">Salsa workshop<\/td>\n<\/tr>\n<tr class=\"row-5\">\n\t<td class=\"column-1\">19:00 \u2013 20:00<\/td><td class=\"column-2\">Kizomba workshop<\/td>\n<\/tr>\n<\/tbody>\n<\/table>\n\t\t\t\t\t\t\t\t<\/div>\n\t\t\t\t<\/div>\n\t\t\t\t<div class=\"elementor-element elementor-element-8456666 elementor-widget elementor-widget-heading\" data-id=\"8456666\" data-element_type=\"widget\" data-e-type=\"widget\" data-widget_type=\"heading.default\">\n\t\t\t\t<div class=\"elementor-widget-container\">\n\t\t\t\t\t<span class=\"elementor-heading-title elementor-size-default\">Sunday, September 13, 2026<\/span>\t\t\t\t<\/div>\n\t\t\t\t<\/div>\n\t\t\t\t<div class=\"elementor-element elementor-element-8760fc8 elementor-widget elementor-widget-text-editor\" data-id=\"8760fc8\" data-element_type=\"widget\" data-e-type=\"widget\" data-widget_type=\"text-editor.default\">\n\t\t\t\t<div class=\"elementor-widget-container\">\n\t\t\t\t\t\t\t\t\t\n<table id=\"tablepress-59\" class=\"tablepress tablepress-id-59 programm2022\">\n<tbody class=\"row-striping\">\n<tr class=\"row-1\">\n\t<td class=\"column-1\">12:00 \u2013 14:00<\/td><td class=\"column-2\">Cooking workshop<\/td>\n<\/tr>\n<tr class=\"row-2\">\n\t<td class=\"column-1\">14.00 \u2013 15.00 <\/td><td class=\"column-2\">Zumba workshop<\/td>\n<\/tr>\n<tr class=\"row-3\">\n\t<td class=\"column-1\">15:00 \u2013 16:00 <\/td><td class=\"column-2\">Salsa workshop<\/td>\n<\/tr>\n<tr class=\"row-4\">\n\t<td class=\"column-1\">16:00 \u2013 18:00<\/td><td class=\"column-2\">Afro-Dance + drum workshop<\/td>\n<\/tr>\n<\/tbody>\n<\/table>\n\t\t\t\t\t\t\t\t<\/div>\n\t\t\t\t<\/div>\n\t\t\t\t\t<\/div>\n\t\t<\/div>\n\t\t\t\t\t<\/div>\n\t\t<\/section>\n\t\t\t\t<section class=\"elementor-section elementor-top-section elementor-element elementor-element-2590347 elementor-section-boxed elementor-section-height-default elementor-section-height-default\" data-id=\"2590347\" data-element_type=\"section\" data-e-type=\"section\">\n\t\t\t\t\t\t<div class=\"elementor-container elementor-column-gap-extended\">\n\t\t\t\t\t<div class=\"elementor-column elementor-col-100 elementor-top-column elementor-element elementor-element-b63b07a\" data-id=\"b63b07a\" data-element_type=\"column\" data-e-type=\"column\">\n\t\t\t<div class=\"elementor-widget-wrap elementor-element-populated\">\n\t\t\t\t\t\t<div class=\"elementor-element elementor-element-9c25de1 elementor-widget elementor-widget-heading\" data-id=\"9c25de1\" data-element_type=\"widget\" data-e-type=\"widget\" data-widget_type=\"heading.default\">\n\t\t\t\t<div class=\"elementor-widget-container\">\n\t\t\t\t\t<h2 class=\"elementor-heading-title elementor-size-default\">Conference and panel discussion: \"Africa - problems, solutions\"<\/h2>\t\t\t\t<\/div>\n\t\t\t\t<\/div>\n\t\t\t\t<div class=\"elementor-element elementor-element-f540cbb elementor-widget elementor-widget-text-editor\" data-id=\"f540cbb\" data-element_type=\"widget\" data-e-type=\"widget\" data-widget_type=\"text-editor.default\">\n\t\t\t\t<div class=\"elementor-widget-container\">\n\t\t\t\t\t\t\t\t\t<p><b>Saturday, 12.09.2024 <br>15:00 &#8211; 18:00 <br>Kulturzentrum am M\u00fcnster<\/b><\/p>\t\t\t\t\t\t\t\t<\/div>\n\t\t\t\t<\/div>\n\t\t\t\t\t<\/div>\n\t\t<\/div>\n\t\t\t\t\t<\/div>\n\t\t<\/section>\n\t\t\t\t<\/div>\n\t\t","protected":false},"excerpt":{"rendered":"<p>AWOLI Africa Festival Program 2026 Friday, 11.09.2026 &#8211; Sunday, 13.09.2026 Free admission! Opening hours of the festivalFriday 11.09.2024: 11:00 &#8211; 23:00Saturday 12.09.2024: 11:00 &#8211; 23:00Sunday 13.09.2024: 11:00 &#8211; 18:00 In addition to our stage program, we present a bazaar, children&#8217;s entertainment, folklore, plays, discussions and workshops on all festival days. Festival program booklet (PDF) AWOLI COME TOGETHER Friday, 11.09.2026Stephanshaus |&#8230;<\/p>\n","protected":false},"author":1,"featured_media":0,"parent":3952,"menu_order":1,"comment_status":"closed","ping_status":"closed","template":"","meta":{"give_campaign_id":0,"footnotes":""},"folder":[],"class_list":["post-5092","page","type-page","status-publish","hentry"],"campaignId":"","_links":{"self":[{"href":"https:\/\/www.awoli.org\/en\/wp-json\/wp\/v2\/pages\/5092","targetHints":{"allow":["GET"]}}],"collection":[{"href":"https:\/\/www.awoli.org\/en\/wp-json\/wp\/v2\/pages"}],"about":[{"href":"https:\/\/www.awoli.org\/en\/wp-json\/wp\/v2\/types\/page"}],"author":[{"embeddable":true,"href":"https:\/\/www.awoli.org\/en\/wp-json\/wp\/v2\/users\/1"}],"replies":[{"embeddable":true,"href":"https:\/\/www.awoli.org\/en\/wp-json\/wp\/v2\/comments?post=5092"}],"version-history":[{"count":10,"href":"https:\/\/www.awoli.org\/en\/wp-json\/wp\/v2\/pages\/5092\/revisions"}],"predecessor-version":[{"id":5138,"href":"https:\/\/www.awoli.org\/en\/wp-json\/wp\/v2\/pages\/5092\/revisions\/5138"}],"up":[{"embeddable":true,"href":"https:\/\/www.awoli.org\/en\/wp-json\/wp\/v2\/pages\/3952"}],"wp:attachment":[{"href":"https:\/\/www.awoli.org\/en\/wp-json\/wp\/v2\/media?parent=5092"}],"wp:term":[{"taxonomy":"folder","embeddable":true,"href":"https:\/\/www.awoli.org\/en\/wp-json\/wp\/v2\/folder?post=5092"}],"curies":[{"name":"wp","href":"https:\/\/api.w.org\/{rel}","templated":true}]}}